{"id":700,"date":"2019-12-18T22:52:43","date_gmt":"2019-12-18T21:52:43","guid":{"rendered":"https:\/\/kolossa.ca?page_id=700"},"modified":"2025-11-26T17:00:09","modified_gmt":"2025-11-26T16:00:09","slug":"home","status":"publish","type":"page","link":"https:\/\/kolossa.ca\/en\/","title":{"rendered":"Home"},"content":{"rendered":"\t\t<div data-elementor-type=\"wp-post\" data-elementor-id=\"700\" class=\"elementor elementor-700 elementor-292\">\n\t\t\t\t\t\t<section class=\"elementor-section elementor-top-section elementor-element elementor-element-585c5649 elementor-section-full_width elementor-section-height-default elementor-section-height-default elementor-invisible\" data-id=\"585c5649\" data-element_type=\"section\" data-settings=\"{&quot;animation&quot;:&quot;fadeIn&quot;}\">\n\t\t\t\t\t\t<div class=\"elementor-container elementor-column-gap-default\">\n\t\t\t\t\t<div class=\"elementor-column elementor-col-100 elementor-top-column elementor-element elementor-element-34db4d35\" data-id=\"34db4d35\" data-element_type=\"column\">\n\t\t\t<div class=\"elementor-widget-wrap elementor-element-populated\">\n\t\t\t\t\t\t<div class=\"elementor-element elementor-element-f9a93b9 elementor-widget elementor-widget-frel-hero-slider\" data-id=\"f9a93b9\" data-element_type=\"widget\" data-widget_type=\"frel-hero-slider.default\">\n\t\t\t\t<div class=\"elementor-widget-container\">\n\t\t\t\t\t<div class=\"cons_w_wrapper\"><div class=\"fn_cs_hero_slider\"><div class=\"container\"><div class=\"content_holder\"><div class=\"title_holder\"><h3>We are <span>Kolossa<\/span><\/h3><p>A major property management company in Qu\u00e9bec City and L\u00e9vis, KOLOSSA has extensive expertise in the development and administration of commercial properties primarily destined for retail businesses, offices, and the food and restaurant industry.<\/p><\/div><div class=\"btn_holder fn_cs_lightgallery\"><a class=\"discover\" href=\"our-properties\/for-rent\">See our rental properties<\/a><\/div><\/div><\/div><div class=\"bg_holder\"><div class=\"owl-carousel\" data-timeout=\"6000\" data-smooth=\"1000\"><div class=\"item\"><div class=\"o_color\"><\/div><div class=\"o_image\" data-bg-img=\"https:\/\/kolossa.ca\/wp-content\/uploads\/2019\/08\/IMG_1564_optimized.jpg\"><\/div><\/div><div class=\"item\"><div class=\"o_color\"><\/div><div class=\"o_image\" data-bg-img=\"https:\/\/kolossa.ca\/wp-content\/uploads\/2019\/10\/MG_0671.jpg\"><\/div><\/div><div class=\"item\"><div class=\"o_color\"><\/div><div class=\"o_image\" data-bg-img=\"https:\/\/kolossa.ca\/wp-content\/uploads\/2018\/10\/IMG_1316-1.jpg\"><\/div><\/div><div class=\"item\"><div class=\"o_color\"><\/div><div class=\"o_image\" data-bg-img=\"https:\/\/kolossa.ca\/wp-content\/uploads\/2019\/10\/MG_0639.jpg\"><\/div><\/div><div class=\"item\"><div class=\"o_color\"><\/div><div class=\"o_image\" data-bg-img=\"https:\/\/kolossa.ca\/wp-content\/uploads\/2018\/07\/IMG_1369.jpg\"><\/div><\/div><div class=\"item\"><div class=\"o_color\"><\/div><div class=\"o_image\" data-bg-img=\"https:\/\/kolossa.ca\/wp-content\/uploads\/2025\/11\/IMG_6108_-scaled.jpg\"><\/div><\/div><div class=\"item\"><div class=\"o_color\"><\/div><div class=\"o_image\" data-bg-img=\"https:\/\/kolossa.ca\/wp-content\/uploads\/2019\/10\/IMG_0001.jpg\"><\/div><\/div><div class=\"item\"><div class=\"o_color\"><\/div><div class=\"o_image\" data-bg-img=\"https:\/\/kolossa.ca\/wp-content\/uploads\/2019\/10\/Edifice_PommeSalade.jpg\"><\/div><\/div><\/div><\/div><\/div><\/div>\t\t\t\t<\/div>\n\t\t\t\t<\/div>\n\t\t\t\t\t<\/div>\n\t\t<\/div>\n\t\t\t\t\t<\/div>\n\t\t<\/section>\n\t\t\t\t<section class=\"elementor-section elementor-top-section elementor-element elementor-element-57080230 elementor-section-full_width elementor-section-height-default elementor-section-height-default\" data-id=\"57080230\" data-element_type=\"section\">\n\t\t\t\t\t\t<div class=\"elementor-container elementor-column-gap-default\">\n\t\t\t\t\t<div class=\"elementor-column elementor-col-100 elementor-top-column elementor-element elementor-element-19e7eceb\" data-id=\"19e7eceb\" data-element_type=\"column\">\n\t\t\t<div class=\"elementor-widget-wrap elementor-element-populated\">\n\t\t\t\t\t\t<div class=\"elementor-element elementor-element-7e89dac0 elementor-widget elementor-widget-frel-project-sticky\" data-id=\"7e89dac0\" data-element_type=\"widget\" data-widget_type=\"frel-project-sticky.default\">\n\t\t\t\t<div class=\"elementor-widget-container\">\n\t\t\t\t\t<div class=\"cons_w_wrapper\"><div class=\"fn_cs_project_sticky\"><div class=\"container\"><div class=\"inner fn_cs_sminiboxes\"><div class=\"left_part fn_cs_sminibox\"><div class=\"fn_cs_sticky_section\"><h3>Nos <span>immeubles<\/span><\/h3><p>\u00c0 la recherche d\u2019un local \u00e0 louer? Kolossa assure la gestion immobili\u00e8re et la location d\u2019espaces commerciaux situ\u00e9s \u00e0 Qu\u00e9bec et \u00e0 L\u00e9vis.<\/p><a href=\"immeubles\"><span class=\"text\">Voir tous nos immeubles<\/span><span class=\"arrow\"><img decoding=\"async\" class=\"constructify_w_fn_svg\" src=\"https:\/\/kolossa.ca\/wp-content\/plugins\/constructify-core\/shortcode\/assets\/svg\/arrow-r.svg\" alt=\"svg\" \/><\/span><span class=\"arrow_hover\"><img decoding=\"async\" class=\"constructify_w_fn_svg\" src=\"https:\/\/kolossa.ca\/wp-content\/plugins\/constructify-core\/shortcode\/assets\/svg\/arrow-r.svg\" alt=\"svg\" \/><\/span><\/a><\/div><\/div><div class=\"right_part fn_cs_sminibox\"><div class=\"fn_cs_sticky_section\"><ul><li><div class=\"item\"><div class=\"img_holder\"><img decoding=\"async\" src=\"https:\/\/kolossa.ca\/wp-content\/plugins\/constructify-core\/shortcode\/assets\/img\/thumb-560-375.jpg\" alt=\"\" \/><div class=\"abs_img\" data-bg-img=\"https:\/\/kolossa.ca\/wp-content\/uploads\/2018\/10\/IMG_1316-1.jpg\"><a href=\"https:\/\/kolossa.ca\/en\/project\/les-halles-cartier\/\"><\/a><\/div><\/div><div class=\"title_holder\"><h3><a href=\"https:\/\/kolossa.ca\/en\/project\/les-halles-cartier\/\">Les Halles Cartier<\/a><\/h3><p><a href=\"https:\/\/kolossa.ca\/en\/project\/les-halles-cartier\/\"><span class=\"text\">Voir les d\u00e9tails<\/span><span class=\"arrow\"><img decoding=\"async\" class=\"constructify_w_fn_svg\" src=\"https:\/\/kolossa.ca\/wp-content\/plugins\/constructify-core\/shortcode\/assets\/svg\/arrow-r.svg\" alt=\"svg\" \/><\/span><\/a><\/p><a href=\"immeubles\"><\/a><\/div><\/div><\/li><li><div class=\"item\"><div class=\"img_holder\"><img decoding=\"async\" src=\"https:\/\/kolossa.ca\/wp-content\/plugins\/constructify-core\/shortcode\/assets\/img\/thumb-560-375.jpg\" alt=\"\" \/><div class=\"abs_img\" data-bg-img=\"https:\/\/kolossa.ca\/wp-content\/uploads\/2018\/10\/IMG_1564-1.jpg\"><a href=\"https:\/\/kolossa.ca\/en\/project\/complexe-saint-nicolas\/\"><\/a><\/div><\/div><div class=\"title_holder\"><h3><a href=\"https:\/\/kolossa.ca\/en\/project\/complexe-saint-nicolas\/\">Complexe Saint-Nicolas<\/a><\/h3><p><a href=\"https:\/\/kolossa.ca\/en\/project\/complexe-saint-nicolas\/\"><span class=\"text\">Voir les d\u00e9tails<\/span><span class=\"arrow\"><img decoding=\"async\" class=\"constructify_w_fn_svg\" src=\"https:\/\/kolossa.ca\/wp-content\/plugins\/constructify-core\/shortcode\/assets\/svg\/arrow-r.svg\" alt=\"svg\" \/><\/span><\/a><\/p><a href=\"immeubles\"><\/a><\/div><\/div><\/li><li><div class=\"item\"><div class=\"img_holder\"><img decoding=\"async\" src=\"https:\/\/kolossa.ca\/wp-content\/plugins\/constructify-core\/shortcode\/assets\/img\/thumb-560-375.jpg\" alt=\"\" \/><div class=\"abs_img\" data-bg-img=\"https:\/\/kolossa.ca\/wp-content\/uploads\/2018\/07\/IMG_1369-1.jpg\"><a href=\"https:\/\/kolossa.ca\/en\/project\/complexe-charlesbourg\/\"><\/a><\/div><\/div><div class=\"title_holder\"><h3><a href=\"https:\/\/kolossa.ca\/en\/project\/complexe-charlesbourg\/\">Complexe Charlesbourg<\/a><\/h3><p><a href=\"https:\/\/kolossa.ca\/en\/project\/complexe-charlesbourg\/\"><span class=\"text\">Voir les d\u00e9tails<\/span><span class=\"arrow\"><img decoding=\"async\" class=\"constructify_w_fn_svg\" src=\"https:\/\/kolossa.ca\/wp-content\/plugins\/constructify-core\/shortcode\/assets\/svg\/arrow-r.svg\" alt=\"svg\" \/><\/span><\/a><\/p><a href=\"immeubles\"><\/a><\/div><\/div><\/li><\/ul><\/div><\/div><\/div><\/div><\/div><\/div>\t\t\t\t<\/div>\n\t\t\t\t<\/div>\n\t\t\t\t\t<\/div>\n\t\t<\/div>\n\t\t\t\t\t<\/div>\n\t\t<\/section>\n\t\t\t\t<\/div>\n\t\t","protected":false},"excerpt":{"rendered":"<p>We are Kolossa A major property management company in Qu\u00e9bec City and L\u00e9vis, KOLOSSA has extensive expertise in the development and administration of commercial properties primarily destined for retail businesses, offices, and the food and restaurant industry. See our rental properties Nos immeubles \u00c0 la recherche d\u2019un local \u00e0 louer? Kolossa assure la gestion immobili\u00e8re [&hellip;]<\/p>\n","protected":false},"author":1,"featured_media":0,"parent":0,"menu_order":0,"comment_status":"closed","ping_status":"closed","template":"page-fullwidth.php","meta":{"footnotes":""},"class_list":["post-700","page","type-page","status-publish","hentry"],"jetpack_sharing_enabled":true,"_links":{"self":[{"href":"https:\/\/kolossa.ca\/en\/wp-json\/wp\/v2\/pages\/700","targetHints":{"allow":["GET"]}}],"collection":[{"href":"https:\/\/kolossa.ca\/en\/wp-json\/wp\/v2\/pages"}],"about":[{"href":"https:\/\/kolossa.ca\/en\/wp-json\/wp\/v2\/types\/page"}],"author":[{"embeddable":true,"href":"https:\/\/kolossa.ca\/en\/wp-json\/wp\/v2\/users\/1"}],"replies":[{"embeddable":true,"href":"https:\/\/kolossa.ca\/en\/wp-json\/wp\/v2\/comments?post=700"}],"version-history":[{"count":3,"href":"https:\/\/kolossa.ca\/en\/wp-json\/wp\/v2\/pages\/700\/revisions"}],"predecessor-version":[{"id":843,"href":"https:\/\/kolossa.ca\/en\/wp-json\/wp\/v2\/pages\/700\/revisions\/843"}],"wp:attachment":[{"href":"https:\/\/kolossa.ca\/en\/wp-json\/wp\/v2\/media?parent=700"}],"curies":[{"name":"wp","href":"https:\/\/api.w.org\/{rel}","templated":true}]}}